{"id":46,"date":"2015-01-31T19:06:03","date_gmt":"2015-01-31T19:06:03","guid":{"rendered":"http:\/\/test.therockintrouble.com\/?page_id=46"},"modified":"2015-03-12T17:59:32","modified_gmt":"2015-03-12T17:59:32","slug":"keikkamyynti","status":"publish","type":"page","link":"https:\/\/www.therockintrouble.com\/?page_id=46","title":{"rendered":"Keikkamyynti"},"content":{"rendered":"<p>Mik\u00e4li b\u00e4ndin meno miellytt\u00e4\u00e4 ja haluat meit\u00e4 keikalle, laitappa viesti\u00e4 allaolevaan osoitteeseen:<\/p>\n<p><strong>therockintrouble@gmail.com<\/strong><\/p>\n<p>Vastailemme tuota pikaa kyll\u00e4 kyselyysi.<\/p>\n","protected":false},"excerpt":{"rendered":"<p>Mik\u00e4li b\u00e4ndin meno miellytt\u00e4\u00e4 ja haluat meit\u00e4 keikalle, laitappa viesti\u00e4 allaolevaan osoitteeseen: therockintrouble@gmail.com Vastailemme tuota pikaa kyll\u00e4 kyselyysi.<\/p>\n","protected":false},"author":1,"featured_media":0,"parent":0,"menu_order":0,"comment_status":"open","ping_status":"open","template":"","meta":[],"_links":{"self":[{"href":"https:\/\/www.therockintrouble.com\/index.php?rest_route=\/wp\/v2\/pages\/46"}],"collection":[{"href":"https:\/\/www.therockintrouble.com\/index.php?rest_route=\/wp\/v2\/pages"}],"about":[{"href":"https:\/\/www.therockintrouble.com\/index.php?rest_route=\/wp\/v2\/types\/page"}],"author":[{"embeddable":true,"href":"https:\/\/www.therockintrouble.com\/index.php?rest_route=\/wp\/v2\/users\/1"}],"replies":[{"embeddable":true,"href":"https:\/\/www.therockintrouble.com\/index.php?rest_route=%2Fwp%2Fv2%2Fcomments&post=46"}],"version-history":[{"count":9,"href":"https:\/\/www.therockintrouble.com\/index.php?rest_route=\/wp\/v2\/pages\/46\/revisions"}],"predecessor-version":[{"id":150,"href":"https:\/\/www.therockintrouble.com\/index.php?rest_route=\/wp\/v2\/pages\/46\/revisions\/150"}],"wp:attachment":[{"href":"https:\/\/www.therockintrouble.com\/index.php?rest_route=%2Fwp%2Fv2%2Fmedia&parent=46"}],"curies":[{"name":"wp","href":"https:\/\/api.w.org\/{rel}","templated":true}]}}