{"id":2,"date":"2015-01-26T21:44:48","date_gmt":"2015-01-26T21:44:48","guid":{"rendered":"http:\/\/test.therockintrouble.com\/?page_id=2"},"modified":"2018-12-24T13:16:36","modified_gmt":"2018-12-24T13:16:36","slug":"esimerkkisivu","status":"publish","type":"page","link":"https:\/\/www.therockintrouble.com\/?page_id=2","title":{"rendered":"If you&#8217;re&#8230;"},"content":{"rendered":"<p>If you are looking for Trouble&#8230;<\/p>\n<p>The Rockin` Trouble kasattiin vuonna 2009. Lohjalaistaustaisten miekkosten meriitteihin kuuluvat jo 1980 ja -90 -luvulla rokkigenress\u00e4 el\u00e4neet b\u00e4ndit.\u00a0Tuoreimpana tulokkaana Milla siirtyi mikin varteen vuonna 2016.<\/p>\n<p>B\u00e4ndin reipas rokkipitoinen ohjemisto koostuu vanhoista rock-klassikoista yhdisteltyn\u00e4 t\u00e4m\u00e4n p\u00e4iv\u00e4n rehelliseen rockiin, mukaillen rockin uranuurtajia mm. Ronski Gang, Francine,D-A-D jne.<\/p>\n<p>B\u00e4ndi keikkailee tilanteen ja tarpeen mukaan ja mik\u00e4\u00e4n paikka ei j\u00e4\u00e4 kylm\u00e4ksi t\u00e4m\u00e4n ryhm\u00e4n j\u00e4ljilt\u00e4.<\/p>\n<p>Keep on rockin&#8217;&#8230;<\/p>\n<p><a href=\"http:\/\/www.therockintrouble.com\/wp-content\/uploads\/2015\/01\/cropped-trt-musta.jpg\"><img loading=\"lazy\" class=\"alignnone wp-image-277\" src=\"http:\/\/www.therockintrouble.com\/wp-content\/uploads\/2015\/01\/cropped-trt-musta-632x315.jpg\" alt=\"cropped-trt-musta.jpg\" width=\"309\" height=\"154\" srcset=\"https:\/\/www.therockintrouble.com\/wp-content\/uploads\/2015\/01\/cropped-trt-musta-632x315.jpg 632w, https:\/\/www.therockintrouble.com\/wp-content\/uploads\/2015\/01\/cropped-trt-musta.jpg 1000w\" sizes=\"(max-width: 309px) 100vw, 309px\" \/><\/a><\/p>\n","protected":false},"excerpt":{"rendered":"<p>If you are looking for Trouble&#8230; The Rockin` Trouble kasattiin vuonna 2009. Lohjalaistaustaisten miekkosten meriitteihin kuuluvat jo 1980 ja -90 -luvulla rokkigenress\u00e4 el\u00e4neet b\u00e4ndit.\u00a0Tuoreimpana tulokkaana Milla siirtyi mikin varteen vuonna 2016. B\u00e4ndin reipas rokkipitoinen ohjemisto koostuu vanhoista rock-klassikoista yhdisteltyn\u00e4 t\u00e4m\u00e4n p\u00e4iv\u00e4n rehelliseen rockiin, mukaillen rockin uranuurtajia mm. Ronski Gang, Francine,D-A-D jne. B\u00e4ndi keikkailee tilanteen ja&#8230; <\/p>\n<div class=\"read-more navbutton\"><a href=\"https:\/\/www.therockintrouble.com\/?page_id=2\">Read More<i class=\"fa fa-angle-double-right\"><\/i><\/a><\/div>\n","protected":false},"author":1,"featured_media":0,"parent":0,"menu_order":0,"comment_status":"open","ping_status":"closed","template":"","meta":[],"_links":{"self":[{"href":"https:\/\/www.therockintrouble.com\/index.php?rest_route=\/wp\/v2\/pages\/2"}],"collection":[{"href":"https:\/\/www.therockintrouble.com\/index.php?rest_route=\/wp\/v2\/pages"}],"about":[{"href":"https:\/\/www.therockintrouble.com\/index.php?rest_route=\/wp\/v2\/types\/page"}],"author":[{"embeddable":true,"href":"https:\/\/www.therockintrouble.com\/index.php?rest_route=\/wp\/v2\/users\/1"}],"replies":[{"embeddable":true,"href":"https:\/\/www.therockintrouble.com\/index.php?rest_route=%2Fwp%2Fv2%2Fcomments&post=2"}],"version-history":[{"count":7,"href":"https:\/\/www.therockintrouble.com\/index.php?rest_route=\/wp\/v2\/pages\/2\/revisions"}],"predecessor-version":[{"id":1358,"href":"https:\/\/www.therockintrouble.com\/index.php?rest_route=\/wp\/v2\/pages\/2\/revisions\/1358"}],"wp:attachment":[{"href":"https:\/\/www.therockintrouble.com\/index.php?rest_route=%2Fwp%2Fv2%2Fmedia&parent=2"}],"curies":[{"name":"wp","href":"https:\/\/api.w.org\/{rel}","templated":true}]}}