{"id":109,"date":"2015-02-24T12:41:17","date_gmt":"2015-02-24T12:41:17","guid":{"rendered":"http:\/\/test.therockintrouble.com\/?page_id=109"},"modified":"2019-09-25T21:28:54","modified_gmt":"2019-09-25T21:28:54","slug":"trt-merch","status":"publish","type":"page","link":"https:\/\/www.therockintrouble.com\/?page_id=109","title":{"rendered":"TRT kauppa"},"content":{"rendered":"<p>Tottahan se on! TRT aiheista oheisrekvisiittaa on saatavissa.<a href=\"http:\/\/www.therockintrouble.com\/wp-content\/uploads\/2015\/02\/70409494_10211624373005312_8210122555181236224_n.jpg\"><img loading=\"lazy\" class=\"wp-image-1466 alignright\" src=\"http:\/\/www.therockintrouble.com\/wp-content\/uploads\/2015\/02\/70409494_10211624373005312_8210122555181236224_n-632x843.jpg\" alt=\"70409494_10211624373005312_8210122555181236224_n\" width=\"141\" height=\"188\" srcset=\"https:\/\/www.therockintrouble.com\/wp-content\/uploads\/2015\/02\/70409494_10211624373005312_8210122555181236224_n-632x843.jpg 632w, https:\/\/www.therockintrouble.com\/wp-content\/uploads\/2015\/02\/70409494_10211624373005312_8210122555181236224_n.jpg 720w\" sizes=\"(max-width: 141px) 100vw, 141px\" \/><\/a><\/p>\n<p>&nbsp;<\/p>\n<p><strong>TRT T-Shirt Lady fit<\/strong>: Fruit Of The Loomin Lady fit punaisena, koot XS-L<\/p>\n<p><strong>TRT Lady toppi (uusi)<\/strong><\/p>\n<p><strong>TRT T-shirt Rock black<\/strong>: Fruit Of the Loomin basic black, koot S-3XL<\/p>\n<p><strong>TRT rock badge<\/strong>: Pieni mutta sit\u00e4kin pippurisempi asennenappi<a href=\"http:\/\/test.therockintrouble.com\/wp-content\/uploads\/2015\/02\/trt-lady-fit.jpg\"><img loading=\"lazy\" class=\" wp-image-110 alignright\" src=\"http:\/\/test.therockintrouble.com\/wp-content\/uploads\/2015\/02\/trt-lady-fit-632x843.jpg\" alt=\"trt lady fit\" width=\"333\" height=\"445\" srcset=\"https:\/\/www.therockintrouble.com\/wp-content\/uploads\/2015\/02\/trt-lady-fit-632x843.jpg 632w, https:\/\/www.therockintrouble.com\/wp-content\/uploads\/2015\/02\/trt-lady-fit.jpg 720w\" sizes=\"(max-width: 333px) 100vw, 333px\" \/><\/a> vannoutuneelle TRT fanille, halk 3,5cm.<\/p>\n<p><strong>TRT lippis (uusi)<\/strong><\/p>\n<p><strong>TRT brodeerattu kangasmerkki (uusi)<\/strong><\/p>\n<p>&nbsp;<\/p>\n<p>Laita koodia <a href=\"mailto:therockintrouble@gmail.com\">therockintrouble@gmail.com<\/a> osoitteeseen mit\u00e4 haluat, niin p\u00e4\u00e4st\u00e4\u00e4n siit\u00e4 eteenp\u00e4in.<\/p>\n","protected":false},"excerpt":{"rendered":"<p>Tottahan se on! TRT aiheista oheisrekvisiittaa on saatavissa. &nbsp; TRT T-Shirt Lady fit: Fruit Of The Loomin Lady fit punaisena, koot XS-L TRT Lady toppi (uusi) TRT T-shirt Rock black: Fruit Of the Loomin basic black, koot S-3XL TRT rock badge: Pieni mutta sit\u00e4kin pippurisempi asennenappi vannoutuneelle TRT fanille, halk 3,5cm. TRT lippis (uusi) TRT&#8230; <\/p>\n<div class=\"read-more navbutton\"><a href=\"https:\/\/www.therockintrouble.com\/?page_id=109\">Read More<i class=\"fa fa-angle-double-right\"><\/i><\/a><\/div>\n","protected":false},"author":1,"featured_media":0,"parent":0,"menu_order":0,"comment_status":"open","ping_status":"closed","template":"","meta":[],"_links":{"self":[{"href":"https:\/\/www.therockintrouble.com\/index.php?rest_route=\/wp\/v2\/pages\/109"}],"collection":[{"href":"https:\/\/www.therockintrouble.com\/index.php?rest_route=\/wp\/v2\/pages"}],"about":[{"href":"https:\/\/www.therockintrouble.com\/index.php?rest_route=\/wp\/v2\/types\/page"}],"author":[{"embeddable":true,"href":"https:\/\/www.therockintrouble.com\/index.php?rest_route=\/wp\/v2\/users\/1"}],"replies":[{"embeddable":true,"href":"https:\/\/www.therockintrouble.com\/index.php?rest_route=%2Fwp%2Fv2%2Fcomments&post=109"}],"version-history":[{"count":7,"href":"https:\/\/www.therockintrouble.com\/index.php?rest_route=\/wp\/v2\/pages\/109\/revisions"}],"predecessor-version":[{"id":1467,"href":"https:\/\/www.therockintrouble.com\/index.php?rest_route=\/wp\/v2\/pages\/109\/revisions\/1467"}],"wp:attachment":[{"href":"https:\/\/www.therockintrouble.com\/index.php?rest_route=%2Fwp%2Fv2%2Fmedia&parent=109"}],"curies":[{"name":"wp","href":"https:\/\/api.w.org\/{rel}","templated":true}]}}